{"id":635,"date":"2023-07-31T17:11:37","date_gmt":"2023-07-31T15:11:37","guid":{"rendered":"https:\/\/www.gallen.at\/?page_id=635"},"modified":"2023-08-03T09:41:59","modified_gmt":"2023-08-03T07:41:59","slug":"ausstellung-maringer","status":"publish","type":"page","link":"https:\/\/www.gallen.at\/index.php\/ausstellung-maringer\/","title":{"rendered":"Weihnachtsausstellung Galerie Maringer"},"content":{"rendered":"\n<h1 class=\"wp-block-heading\">Beteiligung an der Weihnachtsausstellung in der Galerie Maringer<\/h1>\n\n\n\n<p class=\"has-large-font-size\">24. November  1984 &#8211; 14. J\u00e4nner 1985<\/p>\n\n\n\n<figure class=\"wp-block-image size-large\"><img decoding=\"async\" loading=\"lazy\" width=\"1024\" height=\"463\" src=\"https:\/\/www.gallen.at\/wp-content\/uploads\/einladung-maringer-1024x463.jpeg\" alt=\"\" class=\"wp-image-639\" srcset=\"https:\/\/www.gallen.at\/wp-content\/uploads\/einladung-maringer-1024x463.jpeg 1024w, https:\/\/www.gallen.at\/wp-content\/uploads\/einladung-maringer-300x136.jpeg 300w, https:\/\/www.gallen.at\/wp-content\/uploads\/einladung-maringer-768x348.jpeg 768w, https:\/\/www.gallen.at\/wp-content\/uploads\/einladung-maringer-1536x695.jpeg 1536w, https:\/\/www.gallen.at\/wp-content\/uploads\/einladung-maringer.jpeg 2000w\" sizes=\"(max-width: 1024px) 100vw, 1024px\" \/><\/figure>\n\n\n\n<p class=\"has-text-align-center\">Wir erlauben uns, Sie darauf aufmerksam zu machen, da\u00df ab <strong>Mittwoch, dem 21. November 1984<\/strong>, in der <strong>Galerie Maringer<\/strong> , St. P\u00f6lten, Riemerplatz 1, im Rahmen der Weihnachtsausstellung unter anderem<\/p>\n\n\n\n<p class=\"has-text-align-center has-large-font-size\"><strong>\u00d6LBILDER und AQUARELLE<br>von<br>PETER GALLEN<\/strong><\/p>\n\n\n\n<p class=\"has-text-align-center\">zu sehen sind. <\/p>\n\n\n\n<p class=\"has-text-align-center\">Aus diesem Anla\u00df m\u00f6chsten wie Sie am Donnerstag, dem 29. November 1984, um 19.30 Uhr, zu einer Pr\u00e4sentation bei einme Glas Wien recht herzlich einladen.<\/p>\n\n\n\n<p class=\"has-text-align-right\"><em>Wie freuen und auf Ihren Besuch!<\/em><\/p>\n\n\n\n<p><\/p>\n\n\n\n<hr class=\"wp-block-separator has-alpha-channel-opacity\"\/>\n\n\n\n<h5 class=\"wp-block-heading\">GALERIENRUNDGANG<\/h5>\n\n\n\n<figure class=\"wp-block-image size-large\"><img decoding=\"async\" loading=\"lazy\" width=\"1024\" height=\"531\" src=\"https:\/\/www.gallen.at\/wp-content\/uploads\/weihnachen-1-1-1024x531.jpeg\" alt=\"\" class=\"wp-image-657\" srcset=\"https:\/\/www.gallen.at\/wp-content\/uploads\/weihnachen-1-1-1024x531.jpeg 1024w, https:\/\/www.gallen.at\/wp-content\/uploads\/weihnachen-1-1-300x156.jpeg 300w, https:\/\/www.gallen.at\/wp-content\/uploads\/weihnachen-1-1-768x398.jpeg 768w, https:\/\/www.gallen.at\/wp-content\/uploads\/weihnachen-1-1-1536x797.jpeg 1536w, https:\/\/www.gallen.at\/wp-content\/uploads\/weihnachen-1-1.jpeg 2036w\" sizes=\"(max-width: 1024px) 100vw, 1024px\" \/><\/figure>\n\n\n\n<div class=\"wp-block-group has-global-padding is-layout-constrained wp-block-group-is-layout-constrained\">\n<div class=\"wp-block-columns is-layout-flex wp-container-3 wp-block-columns-is-layout-flex\">\n<div class=\"wp-block-column is-layout-flow wp-block-column-is-layout-flow\">\n<p>n der Galerie Maringer auf dem Riemerplatz zeigt im Rahmen des dort veranstalteten Weihnachtsmarkts Peter GALLEN seine Bilder. L\u00e4ngst schon ob seines K\u00f6nnens, seines Wissens und seines untr\u00fcglichen Blickes zu den arrivierten &#8211; wenn auch zu Unrecht noch nicht ganz so bekannt wie viele andere &#8211; K\u00fcnstler. Bei Peter Gallen besticht vor allem die Ehrlichkeit der Darstellung, er besch\u00f6nigt nicht, er verzerrt nicht und er l\u00e4\u00dft sich nicht von irgendwelchen Modest\u00f6mungen leiten oder verleiten. Peter Gallens Bilder sind unsere Landschaften, unsere Menschen, unsere Berge und T\u00e4ler: Also einfach Dinge, mit denen man sich verbunden f\u00fchlen darf und auch kann.<\/p>\n\n\n\n<p> Pr\u00e4zise eingesetzte Farben und Farbt\u00f6ne beeindrucken ebenso, wie des K\u00fcnstlers &#8222;Spiel mit<\/p>\n<\/div>\n\n\n\n<div class=\"wp-block-column is-layout-flow wp-block-column-is-layout-flow\">\n<p>dem Licht und dem Schatten&#8220;. Peter Gallen l\u00e4\u00dft zudem und offensichtlich &#8222;den Pinsel sprechen&#8220;obzwar seine Bilder (fast) keiner Erkl\u00e4rung bed\u00fcrfen, und  doch f\u00fchlt man sich beim Betrachten derselben an der Seite des sehenden und betrachtenden K\u00fcnstlers, eines K\u00fcnstlers, dessen einfache und klare Formen bestechend sch\u00f6n wirken.<\/p>\n\n\n\n<p>Im Rahmen des Weihnachtsmarktes k\u00f6nnen auch noch zauberhalfte Folienarbeiten (Schnitzler) sowie Aquarelle von Christa Gmeiner und Zeichnungen von Alber Paris G\u00fctersloh betrachtet werden. Merian Stiche erg\u00e4nzen Maringers Weihnachtsmarkt.<\/p>\n<\/div>\n<\/div>\n<\/div>\n\n\n\n<hr class=\"wp-block-separator has-alpha-channel-opacity\"\/>\n\n\n\n<p><strong>Galerie Maringer pr\u00e4sentiert<\/strong><\/p>\n\n\n\n<h5 class=\"wp-block-heading\">\u00d6lbilder, Aquarelle vom St. P\u00f6ltner Peter Gallen<\/h5>\n\n\n\n<div class=\"wp-block-columns is-layout-flex wp-container-7 wp-block-columns-is-layout-flex\">\n<div class=\"wp-block-column is-layout-flow wp-block-column-is-layout-flow\">\n<p>ST.P\u00d6LTEN. &#8211; In der Galerie Maringer weilt derzeit ein St.P\u00f6ltner: Unter vielen anderen sehenwerten K\u00fcnstlern stellt wieder einmal Peter Gallen aus, ein K\u00fcnstler, der sicher mit viel Freude an Werk geht. Sauber-sch\u00f6n gearbeitet, kann man seine naturalistisch oder &#8211; fast k\u00f6nnte man sagen &#8211; abstakt gemalten Bilder bewundern. Meist in warmen braun-gr\u00fcn-gelben Naturt\u00f6nen beliebend, bringt uns Peter Gallen verschiedenste Landschaften n\u00e4her.<\/p>\n\n\n\n<p>Die bevorzugte Technik: \u00d6lmalerei. Aber auch Aquarelle stellt der St. P\u00f6ltner Autodidakt im Rahmen der Weihnachtsausstellung vor. In diesem Punkt auf keine Stilrichtung festgelegt (vergleicht man Landschaft mit griechischen Popen), bleibt <\/p>\n<\/div>\n\n\n\n<div class=\"wp-block-column is-layout-flow wp-block-column-is-layout-flow\">\n<p> Gallen bei seinen Naturdarstellungen auf einer fast zu klar gesetzten Linie, die f\u00fchrend in seinen \u00d6lgem\u00e4lden wird. Bisweilen aber bricht er aus und wagt sich \u00fcber Farbkompositionen, die man beim ersten Betrachten der Bilder Gallens nicht als von ihm vermuten w\u00fcrde.<\/p>\n\n\n\n<p>Der in Paris geborene, jedoch nun schon lange als \u00d6sterreicher lebende K\u00fcnstler ist zwar etwas uneinheitlich in seien Arbeiten, gef\u00e4llt aber durch seine geschmackvolle Art der Darstellung.<\/p>\n\n\n\n<p>Die Ausstellung &#8222;\u00d6lbilder und Aquarelle von Peter Gallen&#8220; und viele andere Objekte sind einen Besuch in der Galerie Maringer wert.   <\/p>\n<\/div>\n<\/div>\n\n\n\n<div class=\"wp-block-ftg-gallery\"><!-- Final Tiles Grid Gallery for WordPress v3.5.8 free --><style>#ftg-2121 .tile .icon { color:#ffffff; }#ftg-2121 .ftg-items .loading-bar i { background:#666; }#ftg-2121 .ftg-items .loading-bar { background:#fff; }#ftg-2121 .tile .icon { font-size:12px; }#ftg-2121 .tile .icon { margin: -6px 0 0 -6px; }#ftg-2121 .tile .caption-block .text-wrapper span.text { font-size:12px; }#ftg-2121 .tile .caption-outside .text-wrapper span.text { font-size:12px; }#ftg-2121 .tile .caption-block .text-wrapper span.title { font-size:14px; }#ftg-2121 .tile .caption-outside .text-wrapper span.title { font-size:14px; }#ftg-2121 .tile { background-color: transparent; }#ftg-2121 .tile .caption-block .text-wrapper span.text { color: #ffffff; }#ftg-2121 .tile .caption-block .text-wrapper span.title { color: #ffffff; }#ftg-2121 .tile .caption-outside .text-wrapper span.text { color: #ffffff; }#ftg-2121 .tile .caption-outside .text-wrapper span.title { color: #ffffff; }#ftg-2121 .tile .ftg-social a { color: #ffffff; }#ftg-2121 .tile .caption-block { transition-duration:0.25s; }#ftg-2121 .tile .tile-inner:before { background-color: #000000; }#ftg-2121 .tile .tile-inner:before { background-color: rgba(0, 0, 0, 0.8); }#ftg-2121 .tile:hover img {-moz-transform: -moz-rotate(0deg) -moz-scale(0) ;-webkit-transform: -webkit-rotate(0deg) -webkit-scale(0) ;-o-transform: -o-rotate(0deg) -o-scale(0) ;-ms-transform: -ms-rotate(0deg) -ms-scale(0) ;transform: rotate(0deg) scale(0) ;}<\/style><a name='21'><\/a><div class='final-tiles-gallery  ftg-hover-enabled caption-inside  caption-none caption-middle caption-center' id='ftg-2121' style='width:100%'><div class='ftg-items'><div class='loading-bar'><i><\/i><\/div><div  class='tile ftg-preload  '><a title=\"Maringer Weihnachsausstellung\" data-lightbox='ftg-2121' rel='ftg-2121'  class=' tile-inner  ftg-lightbox' href='https:\/\/www.gallen.at\/wp-content\/uploads\/weihnachen-7-1-1024x690.jpeg' ><img alt='Maringer Weihnachsausstellung' class='item skip-lazy' data-class='item' data-ftg-source='https:\/\/www.gallen.at\/wp-content\/uploads\/weihnachen-7-1-1024x690.jpeg' src='https:\/\/www.gallen.at\/wp-content\/uploads\/weihnachen-7-1-1024x690.jpeg' width='1024' height='690' \/><div class='caption-block'><div class='text-wrapper'><\/div><\/div><\/a><div class='ftg-social'><\/div><\/div><div  class='tile ftg-preload  '><a title=\"Maringer Weihnachsausstellung\" data-lightbox='ftg-2121' rel='ftg-2121'  class=' tile-inner  ftg-lightbox' href='https:\/\/www.gallen.at\/wp-content\/uploads\/weihnachen-5-2-772x1024.jpeg' ><img alt='Maringer Weihnachsausstellung' class='item skip-lazy' data-class='item' data-ftg-source='https:\/\/www.gallen.at\/wp-content\/uploads\/weihnachen-5-2-772x1024.jpeg' src='https:\/\/www.gallen.at\/wp-content\/uploads\/weihnachen-5-2-772x1024.jpeg' width='772' height='1024' \/><div class='caption-block'><div class='text-wrapper'><\/div><\/div><\/a><div class='ftg-social'><\/div><\/div><div  class='tile ftg-preload  '><a title=\"\" data-lightbox='ftg-2121' rel='ftg-2121'  class=' tile-inner  ftg-lightbox' href='https:\/\/www.gallen.at\/wp-content\/uploads\/weihnachen-3-1-1-1024x690.jpeg' ><img alt='' class='item skip-lazy' data-class='item' data-ftg-source='https:\/\/www.gallen.at\/wp-content\/uploads\/weihnachen-3-1-1-1024x690.jpeg' src='https:\/\/www.gallen.at\/wp-content\/uploads\/weihnachen-3-1-1-1024x690.jpeg' width='1024' height='690' \/><\/a><div class='ftg-social'><\/div><\/div><div  class='tile ftg-preload  '><a title=\"Maringer Weihnachsausstellung\" data-lightbox='ftg-2121' rel='ftg-2121'  class=' tile-inner  ftg-lightbox' href='https:\/\/www.gallen.at\/wp-content\/uploads\/weihnachen-5-1-1-687x1024.jpeg' ><img alt='Maringer Weihnachsausstellung' class='item skip-lazy' data-class='item' data-ftg-source='https:\/\/www.gallen.at\/wp-content\/uploads\/weihnachen-5-1-1-687x1024.jpeg' src='https:\/\/www.gallen.at\/wp-content\/uploads\/weihnachen-5-1-1-687x1024.jpeg' width='687' height='1024' \/><div class='caption-block'><div class='text-wrapper'><\/div><\/div><\/a><div class='ftg-social'><\/div><\/div><div  class='tile ftg-preload  '><a title=\"Maringer Weihnachsausstellung\" data-lightbox='ftg-2121' rel='ftg-2121'  class=' tile-inner  ftg-lightbox' href='https:\/\/www.gallen.at\/wp-content\/uploads\/weihnachen-6-1-1024x690.jpeg' ><img alt='Maringer Weihnachsausstellung' class='item skip-lazy' data-class='item' data-ftg-source='https:\/\/www.gallen.at\/wp-content\/uploads\/weihnachen-6-1-1024x690.jpeg' src='https:\/\/www.gallen.at\/wp-content\/uploads\/weihnachen-6-1-1024x690.jpeg' width='1024' height='690' \/><div class='caption-block'><div class='text-wrapper'><\/div><\/div><\/a><div class='ftg-social'><\/div><\/div><div  class='tile ftg-preload  '><a title=\"Maringer Weihnachsausstellung\" data-lightbox='ftg-2121' rel='ftg-2121'  class=' tile-inner  ftg-lightbox' href='https:\/\/www.gallen.at\/wp-content\/uploads\/weihnachen-4-1024x698.jpeg' ><img alt='Maringer Weihnachsausstellung' class='item skip-lazy' data-class='item' data-ftg-source='https:\/\/www.gallen.at\/wp-content\/uploads\/weihnachen-4-1024x698.jpeg' src='https:\/\/www.gallen.at\/wp-content\/uploads\/weihnachen-4-1024x698.jpeg' width='1024' height='698' \/><div class='caption-block'><div class='text-wrapper'><\/div><\/div><\/a><div class='ftg-social'><\/div><\/div><\/div><\/div><script type='text\/javascript'>jQuery('#ftg-2121 img.item').removeAttr('src');jQuery(document).ready(function () {setTimeout(function () {jQuery('#ftg-2121').finalTilesGallery({minTileWidth: 250,margin: 10,loadMethod: 'sequential',nonce: '674fe54d2c',galleryId: '21',setupFilters: true,layout: 'columns',debug: false,gridSize: 25,disableGridSizeBelow:800,allowEnlargement: true,columns: [[4000, 4],[1024, 4],[800, 3],[480, 3],[320, 2]],selectedFilter: 'n-a'});jQuery(function () {(function () {var rel = '';jQuery('#ftg-2121 .ftg-lightbox').click(function (e) {rel = jQuery(this).attr('rel');jQuery('#ftg-2121 .ftg-current').removeClass('ftg-current');jQuery('#ftg-2121 [rel=\"'+rel+'\"]').addClass('ftg-current');});})();});}, 0);});<\/script><\/div>\n","protected":false},"excerpt":{"rendered":"<p>Beteiligung an der Weihnachtsausstellung in der Galerie Maringer 24. November 1984 &#8211; 14. J\u00e4nner 1985 Wir erlauben uns, Sie darauf aufmerksam zu machen, da\u00df ab Mittwoch, dem 21. November 1984, in der Galerie Maringer , St. P\u00f6lten, Riemerplatz 1, im Rahmen der Weihnachtsausstellung unter anderem \u00d6LBILDER und AQUARELLEvonPETER GALLEN zu sehen sind. Aus diesem Anla\u00df [&hellip;]<\/p>\n","protected":false},"author":1,"featured_media":0,"parent":0,"menu_order":0,"comment_status":"closed","ping_status":"closed","template":"","meta":{"footnotes":""},"_links":{"self":[{"href":"https:\/\/www.gallen.at\/index.php\/wp-json\/wp\/v2\/pages\/635"}],"collection":[{"href":"https:\/\/www.gallen.at\/index.php\/wp-json\/wp\/v2\/pages"}],"about":[{"href":"https:\/\/www.gallen.at\/index.php\/wp-json\/wp\/v2\/types\/page"}],"author":[{"embeddable":true,"href":"https:\/\/www.gallen.at\/index.php\/wp-json\/wp\/v2\/users\/1"}],"replies":[{"embeddable":true,"href":"https:\/\/www.gallen.at\/index.php\/wp-json\/wp\/v2\/comments?post=635"}],"version-history":[{"count":7,"href":"https:\/\/www.gallen.at\/index.php\/wp-json\/wp\/v2\/pages\/635\/revisions"}],"predecessor-version":[{"id":665,"href":"https:\/\/www.gallen.at\/index.php\/wp-json\/wp\/v2\/pages\/635\/revisions\/665"}],"wp:attachment":[{"href":"https:\/\/www.gallen.at\/index.php\/wp-json\/wp\/v2\/media?parent=635"}],"curies":[{"name":"wp","href":"https:\/\/api.w.org\/{rel}","templated":true}]}}