{"id":738,"date":"2023-08-21T14:02:33","date_gmt":"2023-08-21T12:02:33","guid":{"rendered":"https:\/\/www.gallen.at\/?page_id=738"},"modified":"2023-08-22T16:06:00","modified_gmt":"2023-08-22T14:06:00","slug":"ausstellung-ca-1989","status":"publish","type":"page","link":"https:\/\/www.gallen.at\/index.php\/ausstellung-ca-1989\/","title":{"rendered":"Ausstellung CA 1989"},"content":{"rendered":"\n<h1 class=\"wp-block-heading\">Austellung in der CA-Filiale St.&nbsp;P\u00f6lten <\/h1>\n\n\n\n<p class=\"has-large-font-size\">10. M\u00e4rz &#8211; 7. April 1989<\/p>\n\n\n\n<div class=\"wp-block-columns is-layout-flex wp-container-3 wp-block-columns-is-layout-flex\">\n<div class=\"wp-block-column is-layout-flow wp-block-column-is-layout-flow\">\n<figure class=\"wp-block-image size-large\"><img decoding=\"async\" loading=\"lazy\" width=\"716\" height=\"1024\" src=\"https:\/\/www.gallen.at\/wp-content\/uploads\/ca-89-716x1024.jpeg\" alt=\"\" class=\"wp-image-745\" srcset=\"https:\/\/www.gallen.at\/wp-content\/uploads\/ca-89-716x1024.jpeg 716w, https:\/\/www.gallen.at\/wp-content\/uploads\/ca-89-210x300.jpeg 210w, https:\/\/www.gallen.at\/wp-content\/uploads\/ca-89-768x1098.jpeg 768w, https:\/\/www.gallen.at\/wp-content\/uploads\/ca-89-1074x1536.jpeg 1074w, https:\/\/www.gallen.at\/wp-content\/uploads\/ca-89-1432x2048.jpeg 1432w, https:\/\/www.gallen.at\/wp-content\/uploads\/ca-89.jpeg 1640w\" sizes=\"(max-width: 716px) 100vw, 716px\" \/><\/figure>\n<\/div>\n\n\n\n<div class=\"wp-block-column is-layout-flow wp-block-column-is-layout-flow\">\n<p><\/p>\n\n\n\n<p class=\"has-medium-font-size\">Die Creditanstalt Filiale St. P\u00f6lten bittet zur Er\u00f6ffnung der Ausstellung<\/p>\n\n\n\n<p class=\"has-large-font-size\">Peter Gallen<\/p>\n\n\n\n<p>Malerei<\/p>\n\n\n\n<p>Vernissage:<br>Donnerstag, 9. M\u00e4rz 1989, um 19.00 Uhr,<br>im Kassensaal der CA,<br>St. P\u00f6lten, Kremser Gasse 39<\/p>\n\n\n\n<p class=\"has-small-font-size\">Diese Ausstellung ist bis 7. April 1989 w\u00e4hrend der Schalterstunden zu besichtigen.<\/p>\n\n\n\n<p class=\"has-medium-font-size\"><br><\/p>\n<\/div>\n<\/div>\n\n\n\n<div class=\"wp-block-ftg-gallery\"><!-- Final Tiles Grid Gallery for WordPress v3.5.8 free --><style>#ftg-2323 .tile .icon { color:#ffffff; }#ftg-2323 .ftg-items .loading-bar i { background:#666; }#ftg-2323 .ftg-items .loading-bar { background:#fff; }#ftg-2323 .tile .icon { font-size:12px; }#ftg-2323 .tile .icon { margin: -6px 0 0 -6px; }#ftg-2323 .tile .caption-block .text-wrapper span.text { font-size:12px; }#ftg-2323 .tile .caption-outside .text-wrapper span.text { font-size:12px; }#ftg-2323 .tile .caption-block .text-wrapper span.title { font-size:14px; }#ftg-2323 .tile .caption-outside .text-wrapper span.title { font-size:14px; }#ftg-2323 .tile { background-color: transparent; }#ftg-2323 .tile .caption-block .text-wrapper span.text { color: #ffffff; }#ftg-2323 .tile .caption-block .text-wrapper span.title { color: #ffffff; }#ftg-2323 .tile .caption-outside .text-wrapper span.text { color: #ffffff; }#ftg-2323 .tile .caption-outside .text-wrapper span.title { color: #ffffff; }#ftg-2323 .tile .ftg-social a { color: #ffffff; }#ftg-2323 .tile .caption-block { transition-duration:0.25s; }#ftg-2323 .tile .tile-inner:before { background-color: #000000; }#ftg-2323 .tile .tile-inner:before { background-color: rgba(0, 0, 0, 0.8); }#ftg-2323 .tile:hover img {-moz-transform: -moz-rotate(0deg) -moz-scale(0) ;-webkit-transform: -webkit-rotate(0deg) -webkit-scale(0) ;-o-transform: -o-rotate(0deg) -o-scale(0) ;-ms-transform: -ms-rotate(0deg) -ms-scale(0) ;transform: rotate(0deg) scale(0) ;}<\/style><a name='23'><\/a><div class='final-tiles-gallery  ftg-hover-enabled caption-inside  caption-none caption-middle caption-center' id='ftg-2323' style='width:100%'><div class='ftg-items'><div class='loading-bar'><i><\/i><\/div><div  class='tile ftg-preload  '><a title=\"Ausstellung CA 1989\" data-lightbox='ftg-2323' rel='ftg-2323'  class=' tile-inner  ftg-lightbox' href='https:\/\/www.gallen.at\/wp-content\/uploads\/ca-89-03-1024x689.jpeg' ><img alt='Ausstellung CA 1989' class='item skip-lazy' data-class='item' data-ftg-source='https:\/\/www.gallen.at\/wp-content\/uploads\/ca-89-03-1024x689.jpeg' src='https:\/\/www.gallen.at\/wp-content\/uploads\/ca-89-03-1024x689.jpeg' width='1024' height='689' \/><div class='caption-block'><div class='text-wrapper'><span class='title'>Ausstellung CA 1989<\/span><\/div><\/div><\/a><div class='ftg-social'><\/div><\/div><div  class='tile ftg-preload  '><a title=\"Ausstellung CA 1989\" data-lightbox='ftg-2323' rel='ftg-2323'  class=' tile-inner  ftg-lightbox' href='https:\/\/www.gallen.at\/wp-content\/uploads\/ca-89-02-1024x689.jpeg' ><img alt='Ausstellung CA 1989' class='item skip-lazy' data-class='item' data-ftg-source='https:\/\/www.gallen.at\/wp-content\/uploads\/ca-89-02-1024x689.jpeg' src='https:\/\/www.gallen.at\/wp-content\/uploads\/ca-89-02-1024x689.jpeg' width='1024' height='689' \/><div class='caption-block'><div class='text-wrapper'><span class='title'>Ausstellung CA 1989<\/span><\/div><\/div><\/a><div class='ftg-social'><\/div><\/div><div  class='tile ftg-preload  '><a title=\"Ausstellung CA 1989\" data-lightbox='ftg-2323' rel='ftg-2323'  class=' tile-inner  ftg-lightbox' href='https:\/\/www.gallen.at\/wp-content\/uploads\/ca-89-01-1024x698.jpeg' ><img alt='Ausstellung CA 1989' class='item skip-lazy' data-class='item' data-ftg-source='https:\/\/www.gallen.at\/wp-content\/uploads\/ca-89-01-1024x698.jpeg' src='https:\/\/www.gallen.at\/wp-content\/uploads\/ca-89-01-1024x698.jpeg' width='1024' height='698' \/><div class='caption-block'><div class='text-wrapper'><span class='title'>Ausstellung CA 1989<\/span><\/div><\/div><\/a><div class='ftg-social'><\/div><\/div><div  class='tile ftg-preload  '><a title=\"Ausstellung CA 1989\" data-lightbox='ftg-2323' rel='ftg-2323'  class=' tile-inner  ftg-lightbox' href='https:\/\/www.gallen.at\/wp-content\/uploads\/ca-89-04-1024x689.jpeg' ><img alt='Ausstellung CA 1989' class='item skip-lazy' data-class='item' data-ftg-source='https:\/\/www.gallen.at\/wp-content\/uploads\/ca-89-04-1024x689.jpeg' src='https:\/\/www.gallen.at\/wp-content\/uploads\/ca-89-04-1024x689.jpeg' width='1024' height='689' \/><div class='caption-block'><div class='text-wrapper'><span class='title'>Ausstellung CA 1989<\/span><\/div><\/div><\/a><div class='ftg-social'><\/div><\/div><div  class='tile ftg-preload  '><a title=\"Ausstellung CA 1989\" data-lightbox='ftg-2323' rel='ftg-2323'  class=' tile-inner  ftg-lightbox' href='https:\/\/www.gallen.at\/wp-content\/uploads\/ca-89-05-1024x689.jpeg' ><img alt='Ausstellung CA 1989' class='item skip-lazy' data-class='item' data-ftg-source='https:\/\/www.gallen.at\/wp-content\/uploads\/ca-89-05-1024x689.jpeg' src='https:\/\/www.gallen.at\/wp-content\/uploads\/ca-89-05-1024x689.jpeg' width='1024' height='689' \/><div class='caption-block'><div class='text-wrapper'><span class='title'>Ausstellung CA 1989<\/span><\/div><\/div><\/a><div class='ftg-social'><\/div><\/div><div  class='tile ftg-preload  '><a title=\"Ausstellung CA 1989\" data-lightbox='ftg-2323' rel='ftg-2323'  class=' tile-inner  ftg-lightbox' href='https:\/\/www.gallen.at\/wp-content\/uploads\/ca-89-8-1024x722.jpeg' ><img alt='Ausstellung CA 1989' class='item skip-lazy' data-class='item' data-ftg-source='https:\/\/www.gallen.at\/wp-content\/uploads\/ca-89-8-1024x722.jpeg' src='https:\/\/www.gallen.at\/wp-content\/uploads\/ca-89-8-1024x722.jpeg' width='1024' height='722' \/><div class='caption-block'><div class='text-wrapper'><span class='title'>Ausstellung CA 1989<\/span><\/div><\/div><\/a><div class='ftg-social'><\/div><\/div><div  class='tile ftg-preload  '><a title=\"Ausstellung CA 1989\" data-lightbox='ftg-2323' rel='ftg-2323'  class=' tile-inner  ftg-lightbox' href='https:\/\/www.gallen.at\/wp-content\/uploads\/ca-89-7-1024x722.jpeg' ><img alt='Ausstellung CA 1989' class='item skip-lazy' data-class='item' data-ftg-source='https:\/\/www.gallen.at\/wp-content\/uploads\/ca-89-7-1024x722.jpeg' src='https:\/\/www.gallen.at\/wp-content\/uploads\/ca-89-7-1024x722.jpeg' width='1024' height='722' \/><div class='caption-block'><div class='text-wrapper'><span class='title'>Ausstellung CA 1989<\/span><\/div><\/div><\/a><div class='ftg-social'><\/div><\/div><div  class='tile ftg-preload  '><a title=\"Ausstellung CA 1989\" data-lightbox='ftg-2323' rel='ftg-2323'  class=' tile-inner  ftg-lightbox' href='https:\/\/www.gallen.at\/wp-content\/uploads\/ca-89-06-1024x689.jpeg' ><img alt='Ausstellung CA 1989' class='item skip-lazy' data-class='item' data-ftg-source='https:\/\/www.gallen.at\/wp-content\/uploads\/ca-89-06-1024x689.jpeg' src='https:\/\/www.gallen.at\/wp-content\/uploads\/ca-89-06-1024x689.jpeg' width='1024' height='689' \/><div class='caption-block'><div class='text-wrapper'><span class='title'>Ausstellung CA 1989<\/span><\/div><\/div><\/a><div class='ftg-social'><\/div><\/div><\/div><\/div><script type='text\/javascript'>jQuery('#ftg-2323 img.item').removeAttr('src');jQuery(document).ready(function () {setTimeout(function () {jQuery('#ftg-2323').finalTilesGallery({minTileWidth: 250,margin: 10,loadMethod: 'sequential',nonce: '674fe54d2c',galleryId: '23',setupFilters: true,layout: 'columns',debug: false,gridSize: 25,disableGridSizeBelow:800,allowEnlargement: true,columns: [[4000, 4],[1024, 4],[800, 3],[480, 3],[320, 2]],selectedFilter: 'n-a'});jQuery(function () {(function () {var rel = '';jQuery('#ftg-2323 .ftg-lightbox').click(function (e) {rel = jQuery(this).attr('rel');jQuery('#ftg-2323 .ftg-current').removeClass('ftg-current');jQuery('#ftg-2323 [rel=\"'+rel+'\"]').addClass('ftg-current');});})();});}, 0);});<\/script><\/div>\n\n\n\n<p class=\"has-large-font-size\">Nieder\u00f6sterreichische Nachrichten vom 7. M\u00e4rz 1989<\/p>\n\n\n\n<div class=\"wp-block-columns is-layout-flex wp-container-6 wp-block-columns-is-layout-flex\">\n<div class=\"wp-block-column is-layout-flow wp-block-column-is-layout-flow\">\n<h5 class=\"wp-block-heading\">Peter Gallen wieder in der CA<\/h5>\n\n\n\n<p>ST. P\u00d6LTEN &#8211; Peter Gallen, der in Paris geborene St. P\u00f6ltner K\u00fcnstler, Jahrgang 1948, stellt abermals in der CA-Filiale Kremser Gasse seine Gem\u00e4lde und Graphiken aus. Die Vernissage findet am 9. M\u00e4rz statt.<\/p>\n<\/div>\n\n\n\n<div class=\"wp-block-column is-layout-flow wp-block-column-is-layout-flow\">\n<figure class=\"wp-block-image size-large\"><img decoding=\"async\" loading=\"lazy\" width=\"1024\" height=\"636\" src=\"https:\/\/www.gallen.at\/wp-content\/uploads\/ca-89-09-1024x636.jpeg\" alt=\"\" class=\"wp-image-757\" srcset=\"https:\/\/www.gallen.at\/wp-content\/uploads\/ca-89-09-1024x636.jpeg 1024w, https:\/\/www.gallen.at\/wp-content\/uploads\/ca-89-09-300x186.jpeg 300w, https:\/\/www.gallen.at\/wp-content\/uploads\/ca-89-09-768x477.jpeg 768w, https:\/\/www.gallen.at\/wp-content\/uploads\/ca-89-09-1536x954.jpeg 1536w, https:\/\/www.gallen.at\/wp-content\/uploads\/ca-89-09.jpeg 1723w\" sizes=\"(max-width: 1024px) 100vw, 1024px\" \/><figcaption class=\"wp-element-caption\">Der K\u00fcnstler Peter Gallen (2. v. l.) im Gespr\u00e4ch mit CA-Direktor Johannes B\u00f6hm.<\/figcaption><\/figure>\n<\/div>\n<\/div>\n\n\n\n<hr class=\"wp-block-separator has-alpha-channel-opacity\"\/>\n\n\n\n<p class=\"has-large-font-size\">Stadtzeitung vom 13. M\u00e4rz 1989<\/p>\n\n\n\n<div class=\"wp-block-columns is-layout-flex wp-container-9 wp-block-columns-is-layout-flex\">\n<div class=\"wp-block-column is-layout-flow wp-block-column-is-layout-flow\">\n<figure class=\"wp-block-image size-large\"><img decoding=\"async\" loading=\"lazy\" width=\"1024\" height=\"910\" src=\"https:\/\/www.gallen.at\/wp-content\/uploads\/ca-89-10-1024x910.jpeg\" alt=\"\" class=\"wp-image-762\" srcset=\"https:\/\/www.gallen.at\/wp-content\/uploads\/ca-89-10-1024x910.jpeg 1024w, https:\/\/www.gallen.at\/wp-content\/uploads\/ca-89-10-300x267.jpeg 300w, https:\/\/www.gallen.at\/wp-content\/uploads\/ca-89-10-768x683.jpeg 768w, https:\/\/www.gallen.at\/wp-content\/uploads\/ca-89-10.jpeg 1285w\" sizes=\"(max-width: 1024px) 100vw, 1024px\" \/><\/figure>\n<\/div>\n\n\n\n<div class=\"wp-block-column is-layout-flow wp-block-column-is-layout-flow\">\n<h5 class=\"wp-block-heading\">Gallen-Werke in der CA<\/h5>\n\n\n\n<p>Im Kassensaal der Creditanstalt Bankverein in der Kremser Gasse 39, sind seit 11. M\u00e4rz Werke des St. P\u00f6ltner Autodidakten Peter Gallen zu sehen. Hauptberuflich ist Peter Gallen Lehrer f\u00fcr Politische Bildung und betriebwirtschaftlichen Unterricht an der Landesberufsschule in Lilienfeld. Er malt seit 1964. Die Er\u00f6ffnung nham B\u00fcrgermeister Gruber vor, die Gru\u00dfworte sprach Pr\u00e4s. Stricker. Unser Bild zeigt Peter Gallen mit Landesdirektor B\u00f6hm der CA, die die Bilder bis 7. April zeigt.<\/p>\n<\/div>\n<\/div>\n\n\n\n<hr class=\"wp-block-separator has-alpha-channel-opacity\"\/>\n\n\n\n<p class=\"has-large-font-size\">St. P\u00f6lten Konkret im April 1989<\/p>\n\n\n\n<div class=\"wp-block-columns is-layout-flex wp-container-12 wp-block-columns-is-layout-flex\">\n<div class=\"wp-block-column is-layout-flow wp-block-column-is-layout-flow\">\n<figure class=\"wp-block-image size-large\"><img decoding=\"async\" loading=\"lazy\" width=\"1024\" height=\"493\" src=\"https:\/\/www.gallen.at\/wp-content\/uploads\/ca-89-11-1024x493.jpeg\" alt=\"\" class=\"wp-image-763\" srcset=\"https:\/\/www.gallen.at\/wp-content\/uploads\/ca-89-11-1024x493.jpeg 1024w, https:\/\/www.gallen.at\/wp-content\/uploads\/ca-89-11-300x144.jpeg 300w, https:\/\/www.gallen.at\/wp-content\/uploads\/ca-89-11-768x369.jpeg 768w, https:\/\/www.gallen.at\/wp-content\/uploads\/ca-89-11-1536x739.jpeg 1536w, https:\/\/www.gallen.at\/wp-content\/uploads\/ca-89-11.jpeg 1904w\" sizes=\"(max-width: 1024px) 100vw, 1024px\" \/><\/figure>\n<\/div>\n\n\n\n<div class=\"wp-block-column is-layout-flow wp-block-column-is-layout-flow\">\n<p>Im Kassensaal der St. P\u00f6ltner CA-Filiale wurde am 9. M\u00e4rz eine Ausstellung von Peter Gallen er\u00f6ffnet. Der Leiter der CA-Landesdirektion N\u00d6-Nord, Dir. Johann B\u00f6hm, konnte dazu B\u00fcrgermeister Willi Gruber und LR Dkfm. Vinzenz H\u00f6finger begr\u00fc\u00dfen. B\u00fcrgermeister Gruber, der die Ausstellung er\u00f6ffnete, dankte dem Institut, da\u00df es f\u00fcr diese Kunstausstellung seine R\u00e4umlichkeiten zur Verf\u00fcgung stellte. Weiters urgierte er auch die Schaffung einer Landesgalerie in der nieder\u00f6sterreichischen Landeshautstadt.<\/p>\n\n\n\n<p>F\u00fcr Peter Gallen, der in der N\u00e4he von Paris geboren wurde, aber bereits in seiner Kindheit nach St. P\u00f6lten kam, war dies schon seine zweite Ausstellung in der CA. Mit seinem Bild von der St. P\u00f6ltner Synagoge ist er auch im Rahmen der &#8222;Galerie konkret&#8220; allen St. P\u00f6ltnern vorgestellt worden. <\/p>\n<\/div>\n<\/div>\n","protected":false},"excerpt":{"rendered":"<p>Austellung in der CA-Filiale St.&nbsp;P\u00f6lten 10. M\u00e4rz &#8211; 7. April 1989 Die Creditanstalt Filiale St. P\u00f6lten bittet zur Er\u00f6ffnung der Ausstellung Peter Gallen Malerei Vernissage:Donnerstag, 9. M\u00e4rz 1989, um 19.00 Uhr,im Kassensaal der CA,St. P\u00f6lten, Kremser Gasse 39 Diese Ausstellung ist bis 7. April 1989 w\u00e4hrend der Schalterstunden zu besichtigen. Nieder\u00f6sterreichische Nachrichten vom 7. M\u00e4rz [&hellip;]<\/p>\n","protected":false},"author":1,"featured_media":0,"parent":0,"menu_order":0,"comment_status":"closed","ping_status":"closed","template":"","meta":{"footnotes":""},"_links":{"self":[{"href":"https:\/\/www.gallen.at\/index.php\/wp-json\/wp\/v2\/pages\/738"}],"collection":[{"href":"https:\/\/www.gallen.at\/index.php\/wp-json\/wp\/v2\/pages"}],"about":[{"href":"https:\/\/www.gallen.at\/index.php\/wp-json\/wp\/v2\/types\/page"}],"author":[{"embeddable":true,"href":"https:\/\/www.gallen.at\/index.php\/wp-json\/wp\/v2\/users\/1"}],"replies":[{"embeddable":true,"href":"https:\/\/www.gallen.at\/index.php\/wp-json\/wp\/v2\/comments?post=738"}],"version-history":[{"count":6,"href":"https:\/\/www.gallen.at\/index.php\/wp-json\/wp\/v2\/pages\/738\/revisions"}],"predecessor-version":[{"id":817,"href":"https:\/\/www.gallen.at\/index.php\/wp-json\/wp\/v2\/pages\/738\/revisions\/817"}],"wp:attachment":[{"href":"https:\/\/www.gallen.at\/index.php\/wp-json\/wp\/v2\/media?parent=738"}],"curies":[{"name":"wp","href":"https:\/\/api.w.org\/{rel}","templated":true}]}}